{"id":925,"date":"2014-02-18T02:14:00","date_gmt":"2014-02-18T01:14:00","guid":{"rendered":"http:\/\/www.stafforini.com\/tango\/?page_id=925"},"modified":"2024-04-26T14:52:01","modified_gmt":"2024-04-26T13:52:01","slug":"el-bandoneon","status":"publish","type":"page","link":"https:\/\/www.stafforini.com\/tango\/cd-collection\/el-bandoneon\/","title":{"rendered":"El bandone\u00f3n"},"content":{"rendered":"<p> 157 albums were released in <b>El bandon\u00e9on<\/b> collection, of which I own 151. Missing albums are <b>boldfaced<\/b>. <\/p>\n<ul class=\"org-ul\">\n<li>EBCD-001 \u2013 An\u00edbal Troilo \u2013 El inmortal Pichuco (1941)<\/li>\n<li>EBCD-002 \u2013 \u00c1stor Piazzolla \u2013 El desbande<\/li>\n<li>EBCD-003 \u2013 Quinteto Pirincho \u2013 Francisco Canaro y su Quinteto Pirincho<\/li>\n<li>EBCD-004 \u2013 Charlo \u2013 Con Francisco Canaro y Francisco Lomuto<\/li>\n<li>EBCD-005 \u2013 Osvaldo Pugliese \u2013 1949<\/li>\n<li>EBCD-006 \u2013 Julio De Caro \u2013 El inolvidable Julio De Caro y su sexteto t\u00edpico (1926\u20131928)<\/li>\n<li>EBCD-007 \u2013 Francisco Fiorentino, Nelly Omar \u2013 Orquestas de Francisco Canaro y \u00c1stor Piazzolla<\/li>\n<li>EBCD-008 \u2013 Roberto Firpo \u2013 Alma de bohemio<\/li>\n<li>EBCD-009 \u2013 Francisco Lomuto \u2013 1930\u20131941<\/li>\n<li>EBCD-010 \u2013 Lucio Demare \u2013 Tango guapo<\/li>\n<li>EBCD-011 \u2013 Carlos Gardel \u2013 Su obra integral, vol. 1: Su Buenos Aires querido<\/li>\n<li><b>EBCD-012 \u2013 Carlos Gardel \u2013 Su obra integral, vol. 2: Amores dif\u00edciles<\/b><\/li>\n<li>EBCD-013 \u2013 Carlos Gardel \u2013 Su obra integral, vol. 3: Gardel en Barcelona<\/li>\n<li>EBCD-014 \u2013 Carlos Gardel \u2013 Su obra integral, vol. 4: Las mujeres aquellas<\/li>\n<li>EBCD-015 \u2013 Carlos Gardel \u2013 Su obra integral, vol. 5: Eran otros hombres<\/li>\n<li>EBCD-016 \u2013 Carlos Gardel \u2013 Su obra integral, vol. 6: Anclao en Par\u00eds<\/li>\n<li>EBCD-017 \u2013 Carlos Gardel \u2013 Su obra integral, vol. 7: Gardel en Nueva York<\/li>\n<li>EBCD-018 \u2013 Carlos Gardel \u2013 Su obra integral, vol. 8: Gar\u00e7onniere, carreras, timba&#x2026;<\/li>\n<li>EBCD-019 \u2013 Carlos Gardel \u2013 Su obra integral, vol. 9: Criollita, dec\u00ed que s\u00ed<\/li>\n<li>EBCD-020 \u2013 Carlos Gardel \u2013 Su obra integral, vol. 10: Gardel por el mundo<\/li>\n<li>EBCD-021 \u2013 Carlos Gardel \u2013 Su obra integral, vol. 11: Pobres chicas<\/li>\n<li>EBCD-022 \u2013 Carlos Gardel \u2013 Su obra integral, vol. 12: Aquellas farras<\/li>\n<li>EBCD-023 \u2013 Carlos Gardel \u2013 Su obra integral, vol. 13: Cu\u00eddense porque andan sueltos<\/li>\n<li>EBCD-024 \u2013 Carlos Gardel \u2013 Su obra integral, vol. 14: Tomo y obligo<\/li>\n<li>EBCD-025 \u2013 Carlos Gardel \u2013 Su obra integral, vol. 15: Bandone\u00f3n arrabalero<\/li>\n<li><b>EBCD-026 \u2013 Carlos Gardel \u2013 Su obra integral, vol. 16: Tango argentino<\/b><\/li>\n<li>EBCD-027 \u2013 Azucena Maizani \u2013 La \u00f1ata gaucha<\/li>\n<li>EBCD-028 \u2013 Enrique Mario Francini, Armando Pontier \u2013 A los amigos<\/li>\n<li>EBCD-029 \u2013 Ada Falc\u00f3n \u2013 Con Francisco Canaro y su orquesta<\/li>\n<li>EBCD-030 \u2013 Francisco Canaro \u2013 La melod\u00eda de nuestro adi\u00f3s<\/li>\n<li>EBCD 031 \u2013 \u00c1stor Piazzolla \u2013 Se arm\u00f3 (1946\u20131948)<\/li>\n<li>EBCD-032 \u2013 Libertad Lamarque \u2013 La reina del tango<\/li>\n<li>EBCD-033 \u2013 Mercedes Simone \u2013 La dama del tango<\/li>\n<li>EBCD-034 \u2013 Miguel Cal\u00f3 \u2013 Yo soy el tango<\/li>\n<li>EBCD-035 \u2013 Alfredo De Angelis \u2013 Adi\u00f3s marinero<\/li>\n<li>EBCD-036 \u2013 Juan Maglio \u2013 El bandone\u00f3n de Pacho<\/li>\n<li>EBCD-037 \u2013 Ignacio Corsini \u2013 El caballero cantor<\/li>\n<li>EBCD-038 \u2013 Carlos Di Sarli \u2013 El se\u00f1or del tango<\/li>\n<li>EBCD-039 \u2013 Osmar Maderna \u2013 Concierto en la luna<\/li>\n<li>EBCD-040 \u2013 Rodolfo Biagi \u2013 Campo afuera<\/li>\n<li>EBCD-041 \u2013 Orquesta T\u00edpica Victor \u2013 1925\u20131934<\/li>\n<li>EBCD-042 \u2013 Horacio Salg\u00e1n \u2013 Y su orquesta t\u00edpica: 1950\u20131954<\/li>\n<li>EBCD-043 \u2013 Juan D&#8217;Arienzo \u2013 El rey del comp\u00e1s<\/li>\n<li>EBCD-044 \u2013 \u00c1ngel D&#8217;Agostino \u2013 Canta \u00c1ngel Vargas<\/li>\n<li>EBCD-045 \u2013 Tr\u00edo Argentino \u2013 El tango en Barcelona, vol. 1<\/li>\n<li>EBCD-046 \u2013 Tr\u00edo Argentino \u2013 El tango en Barcelona, vol. 2<\/li>\n<li>EBCD-047 \u2013 An\u00edbal Troilo \u2013 Del tiempo guapo<\/li>\n<li>EBCD-048 \u2013 Ricardo Tanturi \u2013 Cuatro compases<\/li>\n<li>EBCD-049 \u2013 Osvaldo Fresedo \u2013 El pibe de La Paternal<\/li>\n<li>EBCD-050 \u2013 Garlos Gardel \u2013 Su obra integral, vol. 17: El gaucho<\/li>\n<li>EBCD-051 \u2013 Garlos Gardel \u2013 Su obra integral, vol. 18: Caricias y angustias<\/li>\n<li>EBCD-052 \u2013 Garlos Gardel \u2013 Su obra integral, vol. 19: Siga el corso<\/li>\n<li>EBCD-053 \u2013 Garlos Gardel \u2013 Su obra integral, vol. 20: Tango porte\u00f1o<\/li>\n<li>EBCD-054 \u2013 Garlos Gardel \u2013 Su obra integral, vol. 21: Acuarelas de arrabal<\/li>\n<li>EBCD-055 \u2013 An\u00edbal Troilo \u2013 Cuando tallan los recuerdos<\/li>\n<li>EBCD-056 \u2013 Julio Sosa \u2013 El var\u00f3n del tango<\/li>\n<li>EBCD-057 \u2013 Ciriaco Ortiz \u2013 Conversando con el fueye<\/li>\n<li>EBCD-058 \u2013 An\u00edbal Troilo \u2013 Romance de barrio<\/li>\n<li>EBCD-059 \u2013 Tita Merello \u2013 Arrabalera<\/li>\n<li>EBCD-060 \u2013 Domingo Federico \u2013 Saludos: 1944\u20131949<\/li>\n<li>EBCD-061 \u2013 An\u00edbal Troilo \u2013 Sur<\/li>\n<li>EBCD-062 \u2013 Hugo del Carril \u2013 El porte\u00f1ito<\/li>\n<li>EBCD-063 \u2013 Alfredo Gobbi \u2013 El viol\u00edn rom\u00e1ntico del tango<\/li>\n<li>EBCD-064 \u2013 An\u00edbal Troilo \u2013 Medianoche<\/li>\n<li>EBCD-065 \u2013 Alberto Podest\u00e1 \u2013 Sombras del puerto<\/li>\n<li>EBCD-066 \u2013 Francisco Prac\u00e1nico \u2013 Y su sexteto: 1926\u20131927<\/li>\n<li>EBCD-067 \u2013 An\u00edbal Troilo \u2013 Quejas de bandone\u00f3n<\/li>\n<li>EBCD-068 \u2013 Agust\u00edn Magaldi \u2013 La voz sentimental de Buenos Aires<\/li>\n<li>EBCD-069 \u2013 Juan Bautista Guido \u2013 1927<\/li>\n<li>EBCD-070 \u2013 Rosita Quiroga \u2013 Apolog\u00eda tanguera<\/li>\n<li>EBCD-071 \u2013 Osvaldo Pugliese \u2013 Recuerdo: 1944\u20131945<\/li>\n<li>EBCD-072 \u2013 Libertad Lamarque \u2013 Inspiraci\u00f3n<\/li>\n<li>EBCD-073 \u2013 Celedonio Flores \u2013 Homenaje a los poetas del tango<\/li>\n<li>EBCD-074 \u2013 Enrique Cadicamo \u2013 Homenaje a los poetas del tango<\/li>\n<li>EBCD-075 \u2013 Roberto Firpo \u2013 Milonga orillera<\/li>\n<li>EBCD-076 \u2013 Enrique Santos Discepolo \u2013 Homenaje a los poetas del tango<\/li>\n<li>EBCD-077 \u2013 Charlo \u2013 Nostalgias: 1936\u20131954<\/li>\n<li>EBCD-078 \u2013 Homero Manzi \u2013 Homenaje a los poetas del tango<\/li>\n<li>EBCD-079 \u2013 \u00c1ngel Vargas \u2013 El ruise\u00f1or de las calles porte\u00f1as: 1947\u20131954<\/li>\n<li>EBCD-080 \u2013 Francisco Lomuto \u2013 Amor y celos: 1927\u20131938<\/li>\n<li>EBCD-081 \u2013 Ricardo Tanturi \u2013 Una emoci\u00f3n: 1943\u20131944<\/li>\n<li>EBCD-082 \u2013 Pedro Laurenz \u2013 Milonga de mis amores: 1937\u20131944<\/li>\n<li>EBCD-083 \u2013 Julio De Caro \u2013 Todo coraz\u00f3n: 1924\u20131928<\/li>\n<li>EBCD-084 \u2013 Juan D&#8217;Arienzo \u2013 La cumparsita: 1935\u20131939<\/li>\n<li>EBCD-085 \u2013 Orquesta T\u00edpica Victor \u2013 1926\u20131940<\/li>\n<li>EBCD-086 \u2013 Juan Maglio \u2013 S\u00e1bado ingl\u00e9s: 1927\u20131930<\/li>\n<li>EBCD-087 \u2013 Adolfo Carabelli \u2013 Cuatro palabras: 1931\u20131933<\/li>\n<li>EBCD-088 \u2013 Edgardo Donato \u2013 1932\u20131939<\/li>\n<li>EBCD-089 \u2013 Ignacio Corsini \u2013 La pulpera de Santa Luc\u00eda: 1925\u20131930<\/li>\n<li>EBCD-090 \u2013 Francisco Canaro \u2013 Nobleza de arrabal: 1937\u20131941<\/li>\n<li>EBCD-091 \u2013 Alberto G\u00f3mez \u2013 La serenata de ayer: 1929\u20131944<\/li>\n<li>EBCD-092 \u2013 Miguel Cal\u00f3 \u2013 1941\u20131944<\/li>\n<li>EBCD-104 \u2013 Various artists \u2013 Las damas del tango<\/li>\n<li>EBCD-094 \u2013 Elvino Vardaro \u2013 El viol\u00edn mayor del tango<\/li>\n<li>EBCD-095 \u2013 Edgardo Donato \u2013 A media luz: 1935\u20131942<\/li>\n<li>EBCD-096 \u2013 Osvaldo Pugliese \u2013 El d\u00eda de tu ausencia<\/li>\n<li>EBCD-097 \u2013 Francisco Fiorentino \u2013 Canta con las orquestas de Juan Carlos Cobian, An\u00edbal Troilo, \u00c1stor Piazzolla, Ismael Spitalnik<\/li>\n<li>EBCD-098 \u2013 Pedro Laurenz, Pedro Maffia \u2013 Mala junta: 1936\u20131944<\/li>\n<li>EBCD-099 \u2013 Juan D&#8217;Arienzo \u2013 Sobre el pucho: 1941\u20131944<\/li>\n<li>EBCD-100 \u2013 Various artists \u2013 Los grandes bandoneones de la guardia vieja y la \u00e9poca de oro del tango<\/li>\n<li>EBCD-101 \u2013 Enrique Rodr\u00edguez \u2013 1939\u20131946<\/li>\n<li>EBCD-102 \u2013 Osmar Maderna \u2013 Escalas en azul<\/li>\n<li>EBCD-103 \u2013 An\u00edbal Troilo, Alberto Marino \u2013 Sombras, nada m\u00e1s<\/li>\n<li>EBCD-104 \u2013 Alberto Marino \u2013 La voz de oro del tango<\/li>\n<li>EBCD-105 \u2013 Florindo Sassone \u2013 La \u00faltima cita: 1939\u20131946<\/li>\n<li>EBCD-106 \u2013 Ada Falc\u00f3n \u2013 Tus besos fueron m\u00edos<\/li>\n<li>EBCD-107 \u2013 Julio De Caro \u2013 Buen amigo: 1927\u20131931<\/li>\n<li>EBCD-108 \u2013 Francisco Canaro \u2013 Candombe<\/li>\n<li>EBCD-109 \u2013 Juan D&#8217;Arienzo, Alberto Echag\u00fce \u2013 Cambalache<\/li>\n<li>EBCD-110 \u2013 Juan D&#8217;Agostino, \u00c1ngel Vargas \u2013 Yo soy de Parque Patricios<\/li>\n<li>EBCD-111 \u2013 Osvaldo Fresedo \u2013 Vida m\u00eda<\/li>\n<li>EBCD-112 \u2013 Roberto Firpo \u2013 Sentimiento criollo<\/li>\n<li>EBCD-113 \u2013 Varios artistas &#8211; Las damas del tango (1909-1946)<\/li>\n<li>EBCD-114 \u2013 Ricardo Tanturi \u2013 Cantor de barrio: 1940\u20131948<\/li>\n<li>EBCD-115 \u2013 Libertad Lamarque \u2013 Canci\u00f3n desesperada<\/li>\n<li>EBCD-116 \u2013 Various artists \u2013 20 orquestas olvidadas<\/li>\n<li>EBCD-117- Agust\u00edn Magaldi \u2013 Honor gaucho<\/li>\n<li>EBCD-118 \u2013 Jos\u00e9 Garcia \u2013 Motivo sentimental<\/li>\n<li>EBCD-119 \u2013 Lucio Demare \u2013 El aguacero<\/li>\n<li>EBCD-120 \u2013 Florindo Sassone \u2013 Con sus cantores<\/li>\n<li>EBCD-121 \u2013 Rodolfo Biagi \u2013 Con sus cantores: 1939\u20131947<\/li>\n<li>EBCD-122 \u2013 Vicente Greco \u2013 1911\u20131914<\/li>\n<li>EBCD-123 \u2013 Banda Municipal de la Ciudad de Buenos Aires \u2013 Homenaje a la Guardia Vieja del tango: 1908\u20131909<\/li>\n<li>EBCD-124 \u2013 Ignacio Corsini \u2013 Un jard\u00edn de ilusi\u00f3n: 1934\u20131942<\/li>\n<li>EBCD-125 \u2013 Eduardo Arolas \u2013 Homenaje a la Guardia Vieja del tango: 1913\u20131918<\/li>\n<li>EBCD-126 \u2013 Orquesta Ferrer-Filipotto, Vicente Loduca \u2013 Homenaje a la Guardia Vieja del tango<\/li>\n<li>EBCD-127 \u2013 Ignacio Corsini \u2013 El adi\u00f3s: 1928\u20131938<\/li>\n<li>EBCD-128 \u2013 Quinteto criollo El alem\u00e1n, Tano Genaro \u2013 Homenaje a la Guardia Vieja del tango<\/li>\n<li>EBCD-129 \u2013 Quinteto criollo Atlanta, Francisco Canaro, Orquesta T\u00edpica Porte\u00f1a, Quinteto Polito \u2013 Homenaje a la Guardia Vieja del tango<\/li>\n<li>EBCD-130 \u2013 Osvaldo Fresedo \u2013 1922\u20131925<\/li>\n<li>EBCD-131 \u2013 Augusto Pedro Berto \u2013 Homenaje a la Guardia Vieja del tango<\/li>\n<li>EBCD-132 \u2013 Juan Carlos Cobi\u00e1n \u2013 1926\u20131928<\/li>\n<li>EBCD-133 \u2013 Juan D&#8217;Arienzo \u2013 1928\u20131929<\/li>\n<li><b>EBCD-134 \u2013 Francisco Canaro \u2013 1926\u20131927<\/b><\/li>\n<li>EBCD-135 \u2013 Domingo Federico \u2013 Con sus cantores Carlos Vidal y Oscar Larroca: 1945\u20131948<\/li>\n<li>EBCD-136 \u2013 Banda \u00cdtalo-Argentina, Banda de la Polic\u00eda de Buenos Aires, Banda Espa\u00f1ola \u2013 Homenaje a la Guardia Vieja del Tango<\/li>\n<li>EBCD-137 \u2013 Ricardo Brignolo, Pedro Maffia \u2013 Y sus orquestas t\u00edpicas<\/li>\n<li>EBCD-138 \u2013 Francisco Lomuto \u2013 1927\u20131940<\/li>\n<li>EBCD-139 \u2013 Edgardo Donato \u2013 1928\u20131931<\/li>\n<li>EBCD-140 \u2013 Orquesta T\u00edpica Victor \u2013 1926\u20131930<\/li>\n<li>EBCD-141 \u2013 Estudiantina Centenario, Rondalla Atlanta, Gaucho Relampago, Rondalla Jos\u00e9 V\u00e1zquez \u2013 Homenaje a la Guardia Vieja del tango<\/li>\n<li>EBCD-142 \u2013 Ignacio Corsini \u2013 1928\u20131929<\/li>\n<li>EBCD-143 \u2013 Juan Carlos Cobi\u00e1n \u2013 1923<\/li>\n<li>EBCD-144 \u2013 Juan Maglio \u2013 1912<\/li>\n<li>EBCD-145 \u2013 Roberto Firpo \u2013 1916\u20131918<\/li>\n<li>EBCD-146 \u2013 Agust\u00edn Magaldi, Pedro Noda \u2013 Farol de Los Gauchos<\/li>\n<li><b>EBCD-147 \u2013 Azucena Maizani \u2013 Remigio<\/b><\/li>\n<li><b>EBCD-148 \u2013 Charlo \u2013 Suerte Loca<\/b><\/li>\n<li>EBCD-149 \u2013 Los Reyes del Tango \u2013 Cantan canciones de amor, vol. 1<\/li>\n<li>EBCD-150 \u2013 Los Reyes del Tango \u2013 Cantan canciones de amor, vol. 2<\/li>\n<li>EBCD-151 \u2013 Alberto Castillo \u2013 Copas, amigos y besos<\/li>\n<li><b>EBCD-152 \u2013 Francisco Canaro \u2013 Noche de reyes<\/b><\/li>\n<li>EBCD-153 \u2013 Alberto Vila \u2013 El trovero<\/li>\n<li>EBCD-154 \u2013 Emilio Ramil \u2013 El tango en Cuba<\/li>\n<li>EBCD-155 \u2013 Alberto Castillo \u2013 Soy porte\u00f1o y soy var\u00f3n<\/li>\n<li>EBCD-156 \u2013 Alfredo De Angelis \u2013 Acordes porte\u00f1os<\/li>\n<li>EBCD-157 \u2013 Alberto G\u00f3mez \u2013 Muchacho de cafet\u00edn<\/li>\n<\/ul>\n<div class=\"post-meta\">Latest update: 26th April, 2024<\/div>","protected":false},"excerpt":{"rendered":"<p>157 albums were released in El bandon\u00e9on collection, of which I own 151. Missing albums are boldfaced. EBCD-001 \u2013 An\u00edbal Troilo \u2013 El inmortal Pichuco (1941) EBCD-002 \u2013 \u00c1stor Piazzolla \u2013 El desbande EBCD-003 \u2013 Quinteto Pirincho \u2013 Francisco Canaro y su Quinteto Pirincho EBCD-004 \u2013 Charlo \u2013 Con Francisco Canaro y Francisco Lomuto EBCD-005 [&hellip;]<\/p>\n","protected":false},"author":1,"featured_media":0,"parent":907,"menu_order":0,"comment_status":"open","ping_status":"open","template":"","meta":{"_links_to":"","_links_to_target":""},"_links":{"self":[{"href":"https:\/\/www.stafforini.com\/tango\/wp-json\/wp\/v2\/pages\/925"}],"collection":[{"href":"https:\/\/www.stafforini.com\/tango\/wp-json\/wp\/v2\/pages"}],"about":[{"href":"https:\/\/www.stafforini.com\/tango\/wp-json\/wp\/v2\/types\/page"}],"author":[{"embeddable":true,"href":"https:\/\/www.stafforini.com\/tango\/wp-json\/wp\/v2\/users\/1"}],"replies":[{"embeddable":true,"href":"https:\/\/www.stafforini.com\/tango\/wp-json\/wp\/v2\/comments?post=925"}],"version-history":[{"count":30,"href":"https:\/\/www.stafforini.com\/tango\/wp-json\/wp\/v2\/pages\/925\/revisions"}],"predecessor-version":[{"id":2762,"href":"https:\/\/www.stafforini.com\/tango\/wp-json\/wp\/v2\/pages\/925\/revisions\/2762"}],"up":[{"embeddable":true,"href":"https:\/\/www.stafforini.com\/tango\/wp-json\/wp\/v2\/pages\/907"}],"wp:attachment":[{"href":"https:\/\/www.stafforini.com\/tango\/wp-json\/wp\/v2\/media?parent=925"}],"curies":[{"name":"wp","href":"https:\/\/api.w.org\/{rel}","templated":true}]}}