{"id":2439,"date":"2020-10-10T14:54:51","date_gmt":"2020-10-10T13:54:51","guid":{"rendered":"http:\/\/www.stafforini.com\/tango\/?page_id=2439"},"modified":"2020-10-10T15:58:16","modified_gmt":"2020-10-10T14:58:16","slug":"este-es-el-tango-porteno","status":"publish","type":"page","link":"https:\/\/www.stafforini.com\/tango\/cd-collection\/este-es-el-tango-porteno\/","title":{"rendered":"Este es el tango porte\u00f1o"},"content":{"rendered":"\n<p>10 albums were released in the <strong>Este es el tango porte\u00f1o<\/strong> collection, all of which I own.<\/p>\n\n\n\n<ul><li>GSD-3301 &#8211; Various artists &#8211; Este es el tango porte\u00f1o<\/li><li>GSD-3302 &#8211; Various artists &#8211; Este es el tango porte\u00f1o<\/li><li>GSD-3303 &#8211; Various artists &#8211; Este es el tango porte\u00f1o<\/li><li>GSD-3304 &#8211; Various artists &#8211; Este es el tango porte\u00f1o<\/li><li>GSD-3305 &#8211; Various artists &#8211; Este es el tango porte\u00f1o<\/li><li>GSD-3306 &#8211; Various artists &#8211; Este es el tango porte\u00f1o<\/li><li>GSD-3307 &#8211; Various artists &#8211; Este es el tango porte\u00f1o<\/li><li>GSD-3308 &#8211; Various artists &#8211; Este es el tango porte\u00f1o<\/li><li>GSD-3309 &#8211; Various artists &#8211; Este es el tango porte\u00f1o<\/li><li>GSD-3310 &#8211; Various artists &#8211; Este es el tango porte\u00f1o<\/li><\/ul>\n<div class=\"post-meta\">Latest update: 10th October, 2020<\/div>","protected":false},"excerpt":{"rendered":"<p>10 albums were released in the Este es el tango porte\u00f1o collection, all of which I own. GSD-3301 &#8211; Various artists &#8211; Este es el tango porte\u00f1o GSD-3302 &#8211; Various artists &#8211; Este es el tango porte\u00f1o GSD-3303 &#8211; Various artists &#8211; Este es el tango porte\u00f1o GSD-3304 &#8211; Various artists &#8211; Este es el [&hellip;]<\/p>\n","protected":false},"author":1,"featured_media":0,"parent":907,"menu_order":0,"comment_status":"closed","ping_status":"closed","template":"","meta":{"_links_to":"","_links_to_target":""},"_links":{"self":[{"href":"https:\/\/www.stafforini.com\/tango\/wp-json\/wp\/v2\/pages\/2439"}],"collection":[{"href":"https:\/\/www.stafforini.com\/tango\/wp-json\/wp\/v2\/pages"}],"about":[{"href":"https:\/\/www.stafforini.com\/tango\/wp-json\/wp\/v2\/types\/page"}],"author":[{"embeddable":true,"href":"https:\/\/www.stafforini.com\/tango\/wp-json\/wp\/v2\/users\/1"}],"replies":[{"embeddable":true,"href":"https:\/\/www.stafforini.com\/tango\/wp-json\/wp\/v2\/comments?post=2439"}],"version-history":[{"count":4,"href":"https:\/\/www.stafforini.com\/tango\/wp-json\/wp\/v2\/pages\/2439\/revisions"}],"predecessor-version":[{"id":2456,"href":"https:\/\/www.stafforini.com\/tango\/wp-json\/wp\/v2\/pages\/2439\/revisions\/2456"}],"up":[{"embeddable":true,"href":"https:\/\/www.stafforini.com\/tango\/wp-json\/wp\/v2\/pages\/907"}],"wp:attachment":[{"href":"https:\/\/www.stafforini.com\/tango\/wp-json\/wp\/v2\/media?parent=2439"}],"curies":[{"name":"wp","href":"https:\/\/api.w.org\/{rel}","templated":true}]}}