{"id":1020,"date":"2014-02-19T06:03:00","date_gmt":"2014-02-19T05:03:00","guid":{"rendered":"http:\/\/www.stafforini.com\/tango\/?page_id=1020"},"modified":"2022-11-27T12:26:49","modified_gmt":"2022-11-27T11:26:49","slug":"other-collections","status":"publish","type":"page","link":"https:\/\/www.stafforini.com\/tango\/cd-collection\/other-collections\/","title":{"rendered":"Other CDs"},"content":{"rendered":"<p> This is a small, outdated selection of CDs I own that aren&#8217;t part of any of the collections listed on the main page. <\/p>\n<ul class=\"org-ul\">\n<li>Adri\u00e1n Iaies Tr\u00edo \u2013 Las tardecitas de Minton&#8217;s<\/li>\n<li>Alberto Castillo \u2013 Colecci\u00f3n aniversario<\/li>\n<li>Alberto Castillo \u2013 Mis 30 mejores tangos<\/li>\n<li>Alberto Castillo \u2013 Yo llevo un tango en el alma<\/li>\n<li>Alberto Marino \u2013 Con guitarras y orquesta<\/li>\n<li>Alberto Marino \u2013 Los 16 grandes \u00e9xitos<\/li>\n<li>Alfredo De Angelis \u2013 En tiempo de tango<\/li>\n<li>Alfredo De Angelis \u2013 Memorias<\/li>\n<li>Alfredo Gobbi \u2013 Remi Kooij collection<\/li>\n<li>An\u00edbal Arias \u2013 La guitarra rom\u00e1ntica del tango<\/li>\n<li>An\u00edbal Arias, Osvaldo Montes \u2013 Juntos por el tango<\/li>\n<li>An\u00edbal Troilo \u2013 In\u00e9ditos, vol. 2<\/li>\n<li>An\u00edbal Troilo \u2013 Sur<\/li>\n<li>Antonio Agri \u2013 Tributo<\/li>\n<li>Armida Canteros \u2013 Tangos<\/li>\n<li>\u00c1stor Piazzolla \u2013 Key Works 1984\u20131989<\/li>\n<li>Astor Piazzolla \u2013 Tango em Hi Fi<\/li>\n<li>Atilio Stampone \u2013 Grandes del tango<\/li>\n<li>Atilio Stampone \u2013 Homenaje al amigo<\/li>\n<li>Atilio Stampone \u2013 Mis 30 mejores tangos<\/li>\n<li>Azucena Maizani \u2013 14 grandes \u00e9xitos<\/li>\n<li>Bajofondo \u2013 Mar dulce<\/li>\n<li>Bajofondo \u2013 Supervielle<\/li>\n<li>Bardos Cadeneros \u2013 Suerte loca<\/li>\n<li>Carlos Buono \u2013 De tangos, fueyes y cuerdas<\/li>\n<li>Carlos Dante \u2013 RCA Club<\/li>\n<li>Carlos Di Sarli \u2013 Los tangos m\u00e1s buscados de Di Sarli<\/li>\n<li>Carlos Di Sarli \u2013 Milonguero viejo<\/li>\n<li>Carlos Di Sarli \u2013 Se\u00f1or del tango<\/li>\n<li>Carlos Garc\u00eda \u2013 Tangos en piano<\/li>\n<li>Carlos Gardel \u2013 20 grandes \u00e9xitos<\/li>\n<li>Carlos Gardel \u2013 Con la orquesta de Alfredo De Angelis<\/li>\n<li>Carlos Gardel \u2013 Gardel hoy<\/li>\n<li>Carlos Gardel \u2013 The Best of Carlos Gardel<\/li>\n<li>Chico Novarro \u2013 Quien dice tango<\/li>\n<li>Cir\u00edaco Ort\u00edz, Ubaldo De Lio \u2013 Grabaciones in\u00e9ditas<\/li>\n<li>Color Tango \u2013 A toda orquesta<\/li>\n<li>Color Tango \u2013 Con estilo para bailar, vol. 1<\/li>\n<li>Color Tango \u2013 Con estilo para bailar, vol. 2<\/li>\n<li>Cuarteto Viejo Buenos Aires \u2013 Tangos de la guardia vieja<\/li>\n<li>Derrotas cadenas \u2013 Escuch\u00e1 el ruido<\/li>\n<li>Diego el Cigala \u2013 Cigala &amp; Tango<\/li>\n<li>Donato Racciatti \u2013 20 \u00e9xitos originales<\/li>\n<li>Donato Racciatti \u2013 Lindo tiempo aquel de ayer: 1950\u20131960<\/li>\n<li>Dorita Davis, Tania \u2013 Las damas del tango<\/li>\n<li>Edgardo Donato \u2013 1932\u20131941<\/li>\n<li>Eduardo Bianco, Bachicha \u2013 Original tangos<\/li>\n<li>El arranque \u2013 Cl\u00e1sicos<\/li>\n<li>Eladia Bl\u00e1zquez \u2013 Con las alas del alma<\/li>\n<li>Enrique Chia \u2013 Tangos y nostalgia<\/li>\n<li>Enrique Mario Francini, Armando Pontier \u2013 World Sounds: Argentina Tango I<\/li>\n<li>Esteban Morgado \u2013 Cuesta arriba<\/li>\n<li>Esteban Morgado \u2013 En 36 Billares<\/li>\n<li>Esteban Morgado \u2013 Vamos que venimos<\/li>\n<li>Esteban Morgado, Mar\u00eda Gra\u00f1a \u2013 Entre nosotros<\/li>\n<li>Felipe Antonio \u2013 Valses<\/li>\n<li>Fervor de Buenos Aires \u2013 Qui\u00e9n sos<\/li>\n<li>Francisco Canaro \u2013 20 grandes \u00e9xitos [EMI]<\/li>\n<li>Francisco Canaro \u2013 Grandes \u00e9xitos<\/li>\n<li>Francisco Canaro \u2013 Grandes tangos<\/li>\n<li>Francisco Canaro \u2013 La cumparsita: tango argentino<\/li>\n<li>Francisco Canaro \u2013 Music from Buenos Aires<\/li>\n<li>Francisco Canaro \u2013 Poema<\/li>\n<li>Francisco Canaro \u2013 Serie Guardia Vieja<\/li>\n<li>Francisco Canaro \u2013 Valses y rancheras<\/li>\n<li>Francisco Lomuto \u2013 RCA Club<\/li>\n<li>Francisco Lomuto \u2013 Tango maestro<\/li>\n<li>Francisco Rotundo \u2013 Con Floreal Ruiz y Enrique Campos<\/li>\n<li>Gabriel Clausi \u2013 Madre<\/li>\n<li>Gidon Kremer \u2013 Hommage \u00e0 Piazzolla<\/li>\n<li>Guillermo Fern\u00e1ndez \u2013 Deseo: sentimiento tanguero<\/li>\n<li>Guillermo Fern\u00e1ndez \u2013 Incomparables<\/li>\n<li>H\u00e9ctor Stamponi \u2013 Impresiones<\/li>\n<li>H\u00e9ctor Stamponi \u2013 Interpreta su m\u00fasica al piano<\/li>\n<li>H\u00e9ctor Varela \u2013 Bienvenido a Buenos Aires \/ Milongueando en el 40<\/li>\n<li>H\u00e9ctor Varela \u2013 Colecci\u00f3n de oro<\/li>\n<li>H\u00e9ctor Varela \u2013 La historia de H\u00e9ctor Varela<\/li>\n<li>H\u00e9ctor Varela \u2013 Lo mejor de todos los tiempos<\/li>\n<li>H\u00e9ctor Varela \u2013 Milonguero de coraz\u00f3n<\/li>\n<li>Horacio Molina \u2013 Tango<\/li>\n<li>Horacio Salg\u00e1n \u2013 En RCA Victor, Vol. 1 (1950\u20131951)<\/li>\n<li>Horacio Salg\u00e1n \u2013 En RCA Victor, Vol. 2 (1951\u20131953)<\/li>\n<li>Horacio Salg\u00e1n, Ubaldo De L\u00edo \u2013 Tango for Export<\/li>\n<li>Hugo Del Carril \u2013 La voz y la vida de Hugo Del Carril<\/li>\n<li>Isaco Abitbol \u2013 Memorias del chamam\u00e9, vol. 5<\/li>\n<li>Jorge Falc\u00f3n \u2013 Inolvidable<\/li>\n<li>Jos\u00e9 Basso \u2013 El tango y yo<\/li>\n<li>Jos\u00e9 Basso \u2013 Lo mejor de Jos\u00e9 Basso<\/li>\n<li>Juan Carlos C\u00e1ceres \u2013 Tango negro<\/li>\n<li>Juan Carlos Granelli \u2013 Record\u00e1ndote<\/li>\n<li>Juan D&#8217;Arienzo \u2013 Antolog\u00eda<\/li>\n<li>Juan D&#8217;Arienzo \u2013 Con Fulvio Salamanca: 1943\u20131952<\/li>\n<li>Juan D&#8217;Arienzo \u2013 El gran D&#8217;Arienzo, vol. 1<\/li>\n<li>Juan D&#8217;Arienzo \u2013 M\u00e1ximos artistas del tango popular<\/li>\n<li>Juan D&#8217;Arienzo \u2013 Serie de oro<\/li>\n<li>Juan D&#8217;Arienzo \u2013 Yo me presento aqui (1960\u20131963)<\/li>\n<li>Julio Sosa \u2013 Porque canto as\u00ed<\/li>\n<li>Leonardo Marconi \u2013 Tangos en concierto<\/li>\n<li>Leopoldo Federico \u2013 Colecci\u00f3n aniversario<\/li>\n<li>Leopoldo Federico \u2013 De antolog\u00eda<\/li>\n<li>Los muchachos de antes \u2013 Los muchachos de antes<\/li>\n<li>Lucho Gatica \u2013 Tangos del recuerdo<\/li>\n<li>Luciano Leocata \u2013 Aquel regalo<\/li>\n<li>Lucio Demare \u2013 Remi Kooij<\/li>\n<li>Lucio Demare \u2013 Sus tangos<\/li>\n<li>Luis Stazo \u2013 Los 14 de Julio De Caro<\/li>\n<li>Mariano Mores \u2013 Colecci\u00f3n aniversario<\/li>\n<li>Miguel Cal\u00f3 \u2013 15 grandes \u00e9xitos<\/li>\n<li>Miguel Cal\u00f3 \u2013 Juan Tango<\/li>\n<li>Miguel Villasboas \u2013 La cumparsita<\/li>\n<li>Misteriosa Buenos Aires \u2013 De sal\u00f3n<\/li>\n<li>Misteriosa Buenos Aires \u2013 Una noche en la milonga<\/li>\n<li>N\u00e9stor Gabetta \u2013 Certezas<\/li>\n<li>N\u00e9stor Marconi \u2013 Jap\u00f3n 91&#8242;<\/li>\n<li>N\u00e9stor Pins\u00f3n, H\u00e9ctor Lucci \u2013 Siempre el tango&#x2026; en el disco, vol. 1<\/li>\n<li>N\u00e9stor Pins\u00f3n, H\u00e9ctor Lucci \u2013 Siempre el tango&#x2026; en el disco, vol. 2<\/li>\n<li>Ojos de tango \u2013 C\u00e1tulo<\/li>\n<li>Ojos de tango \u2013 Desvelo<\/li>\n<li>Orquesta Escuela de Tango \u2013 De contrapunto<\/li>\n<li>Orquesta Juan D&#8217;Arienzo \u2013 La cumparsita<\/li>\n<li>Orquesta T\u00edpica Imperial \u2013 Concentraci\u00f3n troileana<\/li>\n<li>Orquesta T\u00edpica Imperial \u2013 La m\u00e1quina tanguera<\/li>\n<li>Orquesta Tipica Imperial \u2013 Ruidos Molestos<\/li>\n<li>Orquesta T\u00edpica Select \u2013 1920<\/li>\n<li>Orquesta T\u00edpica Victor \u2013 Tango maestro<\/li>\n<li>Osvaldo Fresedo \u2013 1927\/1928<\/li>\n<li>Osvaldo Fresedo \u2013 Fresedo en est\u00e9reo<\/li>\n<li>Osvaldo Fresedo \u2013 Mis 30 mejores tangos<\/li>\n<li>Osvaldo Fresedo \u2013 Rendezvous porte\u00f1o<\/li>\n<li>Osvaldo Manzi, Octeto Marab\u00fa \u2013 Tangos al estilo de&#x2026;<\/li>\n<li>Osvaldo Peredo \u2013 Con la Orquesta T\u00edpica Almagro<\/li>\n<li>Osvaldo Pugliese \u2013 Antolog\u00eda, vol. 1<\/li>\n<li>Osvaldo Pugliese \u2013 Antolog\u00eda, vol. 2<\/li>\n<li>Osvaldo Pugliese \u2013 Antolog\u00eda, vol. 3<\/li>\n<li>Osvaldo Pugliese \u2013 Antolog\u00eda, vol. 4<\/li>\n<li>Osvaldo Pugliese \u2013 Antolog\u00eda, vol. 5<\/li>\n<li>Osvaldo Pugliese \u2013 Antolog\u00eda, vol. 6<\/li>\n<li>Osvaldo Pugliese \u2013 Colecci\u00f3n<\/li>\n<li>Osvaldo Pugliese \u2013 Edici\u00f3n aniversario (1905\u20132005)<\/li>\n<li>Osvaldo Pugliese \u2013 Sentimental y canyengue<\/li>\n<li>Osvaldo Pugliese \u2013 Vol. 1<\/li>\n<li>Pascual Mamone \u2013 Desde adentro<\/li>\n<li>Pedro Laurenz \u2013 Interpreta a Pedro Laurenz<\/li>\n<li>Piazzolla, Salg\u00e1n, Rivero, De Rosas \u2013 Piazzolla, Salg\u00e1n, Rivero, De Rosas<\/li>\n<li>Pl\u00e1cido Domingo \u2013 Sings Tangos<\/li>\n<li>Porto Alegre \u2013 Canta tangos<\/li>\n<li>Quinteto Francisco Canaro \u2013 Vol. 1<\/li>\n<li>Quinteto Francisco Canaro \u2013 Vol. 2<\/li>\n<li>Quinteto Pirincho \u2013 Quinteto Pirincho<\/li>\n<li>Rafael Canaro \u2013 En Francia: 1936\u20131939<\/li>\n<li>Rascasuelos \u2013 Rascasuelos<\/li>\n<li>Ra\u00fal Garello \u2013 Arlequ\u00edn porte\u00f1o<\/li>\n<li>Ra\u00fal Garello \u2013 Grandes \u00e9xitos<\/li>\n<li>Ra\u00fal Lavi\u00e9 \u2013 Baile de domingo<\/li>\n<li>Ricardo Pereyra \u2013 Mi buenos tangos querido<\/li>\n<li>Roberto Di Filippo \u2013 \u00cdntimo<\/li>\n<li>Roberto Goyeneche \u2013 20 grandes \u00e9xitos<\/li>\n<li>Roberto Goyeneche \u2013 Cristal<\/li>\n<li>Roberto Goyeneche \u2013 El disco de oro<\/li>\n<li>Roberto Goyeneche \u2013 Historia de oro<\/li>\n<li>Roberto Goyeneche \u2013 Naranjo en flor<\/li>\n<li>Roberto Goyeneche \u2013 Nuestro Buenos Aires<\/li>\n<li>Roberto Grela \u2013 La guitarra de Buenos Aires<\/li>\n<li>Roberto Grela \u2013 La guitarra del tango<\/li>\n<li>Rodolfo Daluisio \u2013 Figuras antifonales<\/li>\n<li>Rodolfo Lesica \u2013 Tradicionales<\/li>\n<li>Tr\u00edo Argentino \u2013 Grabaciones in\u00e9ditas de 1946<\/li>\n<li>Vale Tango \u2013 Bardi<\/li>\n<li>Various artists \u2013 100 tangos en 100 a\u00f1os<\/li>\n<li>Various artists \u2013 40 tangos para bailar<\/li>\n<li>Various artists \u2013 Antolog\u00eda del tango rioplatense<\/li>\n<li>Various artists \u2013 Evita&#8217;s Tango<\/li>\n<li>Various artists \u2013 La fonola in\u00e9ditos: Orquestas con cantores<\/li>\n<li>Various artists \u2013 La fonola in\u00e9ditos: Orquestas t\u00edpicas en temas instrumentales<\/li>\n<li>Various artists \u2013 Las joyas de la fonola<\/li>\n<li>Various artists \u2013 Lejos de Buenos Aires<\/li>\n<li>Various artists \u2013 Para la historia<\/li>\n<li>Various artists \u2013 Serie guardia vieja<\/li>\n<li>Various artists \u2013 Story of the Great Argentine Tango Bands: 1927\u20131948<\/li>\n<li>Various artists \u2013 Tangos en versi\u00f3n original, vol. 1<\/li>\n<li>V\u00edctor Lavall\u00e9n \u2013 Amanecer ciudadano<\/li>\n<li>Virginia Luque \u2013 20 s\u00faper \u00e9xitos<\/li>\n<li>Virginia Luque \u2013 Canta a Gardel<\/li>\n<\/ul>\n<div class=\"post-meta\">Latest update: 27th November, 2022<\/div>","protected":false},"excerpt":{"rendered":"<p>This is a small, outdated selection of CDs I own that aren&#8217;t part of any of the collections listed on the main page. Adri\u00e1n Iaies Tr\u00edo \u2013 Las tardecitas de Minton&#8217;s Alberto Castillo \u2013 Colecci\u00f3n aniversario Alberto Castillo \u2013 Mis 30 mejores tangos Alberto Castillo \u2013 Yo llevo un tango en el alma Alberto Marino [&hellip;]<\/p>\n","protected":false},"author":1,"featured_media":0,"parent":907,"menu_order":0,"comment_status":"open","ping_status":"open","template":"","meta":{"_links_to":"","_links_to_target":""},"_links":{"self":[{"href":"https:\/\/www.stafforini.com\/tango\/wp-json\/wp\/v2\/pages\/1020"}],"collection":[{"href":"https:\/\/www.stafforini.com\/tango\/wp-json\/wp\/v2\/pages"}],"about":[{"href":"https:\/\/www.stafforini.com\/tango\/wp-json\/wp\/v2\/types\/page"}],"author":[{"embeddable":true,"href":"https:\/\/www.stafforini.com\/tango\/wp-json\/wp\/v2\/users\/1"}],"replies":[{"embeddable":true,"href":"https:\/\/www.stafforini.com\/tango\/wp-json\/wp\/v2\/comments?post=1020"}],"version-history":[{"count":12,"href":"https:\/\/www.stafforini.com\/tango\/wp-json\/wp\/v2\/pages\/1020\/revisions"}],"predecessor-version":[{"id":2594,"href":"https:\/\/www.stafforini.com\/tango\/wp-json\/wp\/v2\/pages\/1020\/revisions\/2594"}],"up":[{"embeddable":true,"href":"https:\/\/www.stafforini.com\/tango\/wp-json\/wp\/v2\/pages\/907"}],"wp:attachment":[{"href":"https:\/\/www.stafforini.com\/tango\/wp-json\/wp\/v2\/media?parent=1020"}],"curies":[{"name":"wp","href":"https:\/\/api.w.org\/{rel}","templated":true}]}}